{"id":9,"date":"2019-01-25T19:22:56","date_gmt":"2019-01-25T18:22:56","guid":{"rendered":"https:\/\/neu.meyeraufderheyde.com\/?page_id=9"},"modified":"2023-12-16T03:04:13","modified_gmt":"2023-12-16T02:04:13","slug":"homepage","status":"publish","type":"page","link":"https:\/\/www.meyeraufderheyde.com\/de\/","title":{"rendered":"Home"},"content":{"rendered":"<div data-elementor-type=\"wp-post\" data-elementor-id=\"9\" class=\"elementor elementor-9\">\n\t\t\t\t\t\t<section class=\"elementor-section elementor-top-section elementor-element elementor-element-3975da6 elementor-section-full_width elementor-section-height-default elementor-section-height-default\" data-id=\"3975da6\" data-element_type=\"section\" data-e-type=\"section\">\n\t\t\t\t\t\t<div class=\"elementor-container elementor-column-gap-no\">\n\t\t\t\t\t<div class=\"elementor-column elementor-col-100 elementor-top-column elementor-element elementor-element-f8257d3\" data-id=\"f8257d3\" data-element_type=\"column\" data-e-type=\"column\">\n\t\t\t<div class=\"elementor-widget-wrap elementor-element-populated\">\n\t\t\t\t\t\t<div class=\"elementor-element elementor-element-cf497a1 elementor-widget elementor-widget-onetone-slider\" data-id=\"cf497a1\" data-element_type=\"widget\" data-e-type=\"widget\" data-widget_type=\"onetone-slider.default\">\n\t\t\t\t<div class=\"elementor-widget-container\">\n\t\t\t\t\t<section class=\"homepage-slider\"><div id=\"onetone-e-owl-slider\" class=\"owl-carousel\"><div class=\"item\"><img decoding=\"async\" src=\"https:\/\/neu.meyeraufderheyde.com\/wp-content\/uploads\/2017\/06\/AMADH_03-1.jpg\" alt=\"Slide image 1\"><div class=\"inner\"><div class=\"caption\"><div class=\"caption-inner\"><h1>Ziele setzen<span class=\"slider_inaktive-headline\">Grenzen neu definieren<\/span><span class=\"slider_inaktive-headline\">Aus Erfahrung lernen<\/span><\/h1><p style=\"text-align: left\">In welcher Situation befinden Sie sich? Was m\u00f6chten Sie erreichen? Gibt es Dinge, die Sie \u00e4ndern m\u00f6chten? Woran messen Sie Ihren Erfolg?<\/p><\/div><\/div><\/div><\/div><div class=\"item\"><img decoding=\"async\" src=\"https:\/\/neu.meyeraufderheyde.com\/wp-content\/uploads\/2017\/06\/AMADH_01-1.jpg\" alt=\"Slide image 2\"><div class=\"inner\"><div class=\"caption\"><div class=\"caption-inner\"><h1><span class=\"slider_inaktive-headline_first\">Ziele setzen<\/span>Grenzen neu definieren<span class=\"slider_inaktive-headline\">Aus Erfahrung lernen<\/span><\/h1><p style=\"text-align: left\">\u00dcber welche Wege k\u00f6nnten Sie Ihre Ziele erreichen? Welcher davon ist f\u00fcr Sie pers\u00f6nlich der richtige Weg? Wie k\u00f6nnen Sie Herausforderungen meistern?<\/p><\/div><\/div><\/div><\/div><div class=\"item\"><img decoding=\"async\" src=\"https:\/\/neu.meyeraufderheyde.com\/wp-content\/uploads\/2017\/06\/AMADH_02-1.jpg\" alt=\"Slide image 3\"><div class=\"inner\"><div class=\"caption\"><div class=\"caption-inner\"><h1><span class=\"slider_inaktive-headline_first\">Ziele setzen<\/span> <span class=\"slider_inaktive-headline_first\">Grenzen neu definieren<\/span> Aus Erfahrung lernen<\/h1><p style=\"text-align: left\">Was m\u00f6chten Sie in Zukunft anders machen? Was haben Sie bereits versucht? Was k\u00f6nnen Sie aus Ihren eigenen oder den Erfahrungen Anderer lernen?<\/p><\/div><\/div><\/div><\/div><\/div><\/section><script> jQuery(document).ready(function($){\r\n\t\t\t\r\n\t\t\tvar onetoneESlider = function(){\r\n\t\t\t\tvar slider_control = 1,\r\n\t\t\t\tslider_pagination = 0,\r\n\t\t\t\tslide_autoplay = 1,\r\n\t\t\t\tslide_speed = 6000;\r\n\t\t\t\t\r\n\t\t\t\t$('#onetone-e-owl-slider').owlCarousel({\r\n\t\t\t\t\tnav:(slider_control == '1' || slider_control == 'yes')?true:false,\r\n\t\t\t\t\tnavigation:(slider_control == '1' || slider_control == 'yes')?true:false,\r\n\t\t\t\t\tdots:(slider_pagination == '1' || slider_pagination == 'yes')?true:false,\r\n\t\t\t\t\tslideSpeed : 300,\r\n\t\t\t\t\titems:1,\r\n\t\t\t\t\tautoplay:(slide_autoplay == '1'|| slide_autoplay == 'yes')?true:false,\r\n\t\t\t\t\tmargin:0,\r\n\t\t\t\t\tloop:true,\r\n\t\t\t\t\tpaginationSpeed : 400,\r\n\t\t\t\t\tsingleItem:true,\r\n\t\t\t\t\tautoplayTimeout:parseInt(slide_speed)\r\n\t\t\t});\r\n\t\t\t}\r\n\t\t\tonetoneESlider();\r\n\t\t$( window ).on( 'elementor\/frontend\/init', function() {\r\n\t\t\tonetoneESlider();\r\n\t\t\t});\r\n\t});<\/script>\t\t\t\t<\/div>\n\t\t\t\t<\/div>\n\t\t\t\t\t<\/div>\n\t\t<\/div>\n\t\t\t\t\t<\/div>\n\t\t<\/section>\n\t\t\t\t<section class=\"elementor-section elementor-top-section elementor-element elementor-element-6d0404f container elementor-section-boxed elementor-section-height-default elementor-section-height-default\" data-id=\"6d0404f\" data-element_type=\"section\" data-e-type=\"section\" id=\"coaching-areas\">\n\t\t\t\t\t\t<div class=\"elementor-container elementor-column-gap-no\">\n\t\t\t\t\t<div class=\"elementor-column elementor-col-100 elementor-top-column elementor-element elementor-element-75f1d29 home_content-width\" data-id=\"75f1d29\" data-element_type=\"column\" data-e-type=\"column\">\n\t\t\t<div class=\"elementor-widget-wrap elementor-element-populated\">\n\t\t\t\t\t\t<div class=\"elementor-element elementor-element-40f076b elementor-widget elementor-widget-heading\" data-id=\"40f076b\" data-element_type=\"widget\" data-e-type=\"widget\" data-widget_type=\"heading.default\">\n\t\t\t\t<div class=\"elementor-widget-container\">\n\t\t\t\t\t<h2 class=\"elementor-heading-title elementor-size-default\">Coaching-Themen<\/h2>\t\t\t\t<\/div>\n\t\t\t\t<\/div>\n\t\t\t\t<div class=\"elementor-element elementor-element-263a182 home-section-content elementor-widget elementor-widget-text-editor\" data-id=\"263a182\" data-element_type=\"widget\" data-e-type=\"widget\" data-widget_type=\"text-editor.default\">\n\t\t\t\t<div class=\"elementor-widget-container\">\n\t\t\t\t\t\t\t\t\t<p>Als Executive Coach begleite ich F\u00fchrungskr\u00e4fte in ihrer pers\u00f6nlichen Entwicklung. Die meisten meiner Kunden sind erfahrene Manager des oberen Managements oder befinden sich auf dem Weg dorthin. Ich coache Menschen aus verschiedensten Kulturkreisen, aus Europa, Nord- und S\u00fcdamerika, Asien, dem Mittleren Osten und auch Afrika.<\/p><p>Vor meiner T\u00e4tigkeit als Executive Coach habe ich selbst auf internationaler Ebene viele Jahre erfolgreich als F\u00fchrungskraft in verschiedenen Branchen gearbeitet. Dabei habe ich Gesch\u00e4ftsbereiche auf- und ausgebaut, Unternehmensbereiche reorganisiert und in ihrer Leistung gesteigert sowie kulturelle Ver\u00e4nderungen in internationalen Teams realisiert. Dadurch konnte ich sehr wertvolle Erfahrungen in den Kernbereichen des Top Managements sammeln. Basierend auf diesen Erfahrungen fokussiere ich als Executive Coach auf die Bereiche<\/p><p><a href=\"\/de\/leadership-development\/\">leadership development<br \/><\/a><a href=\"\/de\/intercultural-leadership\/\">intercultural leadership<br \/><\/a><a href=\"\/de\/transition-coaching\/\">transition coaching<br \/><\/a><a href=\"\/de\/executive-sparring\/\">executive sparring<\/a><\/p>\t\t\t\t\t\t\t\t<\/div>\n\t\t\t\t<\/div>\n\t\t\t\t\t<\/div>\n\t\t<\/div>\n\t\t\t\t\t<\/div>\n\t\t<\/section>\n\t\t\t\t<section class=\"elementor-section elementor-top-section elementor-element elementor-element-5e0d76a elementor-section-full_width elementor-section-height-default elementor-section-height-default\" data-id=\"5e0d76a\" data-element_type=\"section\" data-e-type=\"section\" data-settings=\"{&quot;background_background&quot;:&quot;classic&quot;}\">\n\t\t\t\t\t\t<div class=\"elementor-container elementor-column-gap-no\">\n\t\t\t\t\t<div class=\"elementor-column elementor-col-100 elementor-top-column elementor-element elementor-element-a345eae\" data-id=\"a345eae\" data-element_type=\"column\" data-e-type=\"column\" data-settings=\"{&quot;background_background&quot;:&quot;classic&quot;}\">\n\t\t\t<div class=\"elementor-widget-wrap\">\n\t\t\t\t\t\t\t<\/div>\n\t\t<\/div>\n\t\t\t\t\t<\/div>\n\t\t<\/section>\n\t\t\t\t<section class=\"elementor-section elementor-top-section elementor-element elementor-element-80d806a container elementor-section-boxed elementor-section-height-default elementor-section-height-default\" data-id=\"80d806a\" data-element_type=\"section\" data-e-type=\"section\" id=\"approach\">\n\t\t\t\t\t\t<div class=\"elementor-container elementor-column-gap-no\">\n\t\t\t\t\t<div class=\"elementor-column elementor-col-100 elementor-top-column elementor-element elementor-element-35360c5 home_content-width\" data-id=\"35360c5\" data-element_type=\"column\" data-e-type=\"column\">\n\t\t\t<div class=\"elementor-widget-wrap elementor-element-populated\">\n\t\t\t\t\t\t<div class=\"elementor-element elementor-element-429611e elementor-widget elementor-widget-heading\" data-id=\"429611e\" data-element_type=\"widget\" data-e-type=\"widget\" data-widget_type=\"heading.default\">\n\t\t\t\t<div class=\"elementor-widget-container\">\n\t\t\t\t\t<h2 class=\"elementor-heading-title elementor-size-default\">Vorgehensweise<\/h2>\t\t\t\t<\/div>\n\t\t\t\t<\/div>\n\t\t\t\t<div class=\"elementor-element elementor-element-52c2e04 home-section-content elementor-widget elementor-widget-text-editor\" data-id=\"52c2e04\" data-element_type=\"widget\" data-e-type=\"widget\" data-widget_type=\"text-editor.default\">\n\t\t\t\t<div class=\"elementor-widget-container\">\n\t\t\t\t\t\t\t\t\t<p>Im Executive Coaching geht es darum, offen und objektiv \u00fcber erlebte Situationen zu sprechen, eigene Gedanken und Gef\u00fchle zu verstehen, Verhaltensweisen kritisch zu hinterfragen und alternative Wege zu identifizieren \u2013 all dies mit dem Ziel, daraus zu lernen und die eigenen F\u00e4higkeiten weiterzuentwickeln. Dies setzt einen vertrauensvollen Umgang miteinander und absolute Vertraulichkeit voraus.<\/p><p>In meiner Vorgehensweise ermutige ich Sie zu intensiver Selbstreflektion, unterst\u00fctze Sie darin, Gewohntes zu hinterfragen, neue L\u00f6sungsm\u00f6glichkeiten zu identifizieren und auszuprobieren. Erneute Selbstreflektion, teilweise unter Einbindung von Feedback aus Ihrem Umfeld, wird \u00c4nderungen in Ihren Verhaltensmustern weiter festigen. Meine Arbeit mit Ihnen wird dabei immer bestimmt von<\/p><p><strong>Einf\u00fchlungsverm\u00f6gen<\/strong>\u00a0\u2013 Um Sie pers\u00f6nlich, Ihre Situation, Denkweise und Zielsetzung m\u00f6glichst umfassend zu verstehen, werde ich Sie ermutigen, Ihre Gedanken offen mit mir zu teilen.<\/p><p><strong>Klare Zielsetzung<\/strong>\u00a0\u2013 Zu Beginn unserer gemeinsamen Arbeit werden wir Ziele und Vorgehensweise vereinbaren und diese entlang des Coaching-Prozesses \u00fcberpr\u00fcfen.<\/p><p><strong>Fragen und hinterfragen<\/strong>\u00a0\u2013 Damit Sie Ihre eigenen, f\u00fcr Sie passenden Antworten und L\u00f6sungen finden, werde ich in unseren Coaching-Gespr\u00e4chen haupts\u00e4chlich fragen, aktiv zuh\u00f6ren und hinterfragen.<\/p><p><strong>Fokus auf Kernthemen<\/strong>\u00a0\u2013 Unsere Zusammenarbeit wird bestimmt von einem klaren Fokus auf Ihre pers\u00f6nliche und gesch\u00e4ftliche Situation sowie Ihre Zielsetzung.<\/p><p><strong>Motivation und Unterst\u00fctzung<\/strong>\u00a0\u2013 Zwar werde ich eine objektive Position einnehmen und Ihre Situation aus einer neutralen Perspektive betrachten, dabei allerdings immer auf Ihrer Seite stehen und Sie bei der Erreichung Ihrer Ziele unterst\u00fctzen.<\/p><p>F\u00fcr unsere Coaching-Gespr\u00e4che treffen wir uns idealerweise pers\u00f6nlich, entweder vor Ort bei Ihnen oder im Raum Leverkusen\/ K\u00f6ln. Aufgrund der Vielzahl von Coaching-Kunden, mit denen ich au\u00dferhalb Deutschlands arbeite, habe ich auch sehr gute Erfahrung mit Coaching \u00fcber Videokonferenz gemacht. Hier richte ich mich gerne nach Ihnen.<\/p><p><span class=\"download\"><a href=\"\/download\/AlexanderMeyeraufderHeyde_ExecutiveCoach_de.pdf\" target=\"_blank\" rel=\"noopener\">mein executive coach profil herunterladen<\/a><\/span><\/p>\t\t\t\t\t\t\t\t<\/div>\n\t\t\t\t<\/div>\n\t\t\t\t\t<\/div>\n\t\t<\/div>\n\t\t\t\t\t<\/div>\n\t\t<\/section>\n\t\t\t\t<section class=\"elementor-section elementor-top-section elementor-element elementor-element-a49aa3c elementor-section-full_width elementor-section-height-default elementor-section-height-default\" data-id=\"a49aa3c\" data-element_type=\"section\" data-e-type=\"section\" data-settings=\"{&quot;background_background&quot;:&quot;classic&quot;}\">\n\t\t\t\t\t\t<div class=\"elementor-container elementor-column-gap-default\">\n\t\t\t\t\t<div class=\"elementor-column elementor-col-100 elementor-top-column elementor-element elementor-element-2d586ae\" data-id=\"2d586ae\" data-element_type=\"column\" data-e-type=\"column\">\n\t\t\t<div class=\"elementor-widget-wrap\">\n\t\t\t\t\t\t\t<\/div>\n\t\t<\/div>\n\t\t\t\t\t<\/div>\n\t\t<\/section>\n\t\t\t\t<section class=\"elementor-section elementor-top-section elementor-element elementor-element-7edfbb7 container elementor-section-boxed elementor-section-height-default elementor-section-height-default\" data-id=\"7edfbb7\" data-element_type=\"section\" data-e-type=\"section\" id=\"myself\">\n\t\t\t\t\t\t<div class=\"elementor-container elementor-column-gap-no\">\n\t\t\t\t\t<div class=\"elementor-column elementor-col-100 elementor-top-column elementor-element elementor-element-a59ab94 home_content-width\" data-id=\"a59ab94\" data-element_type=\"column\" data-e-type=\"column\">\n\t\t\t<div class=\"elementor-widget-wrap elementor-element-populated\">\n\t\t\t\t\t\t<div class=\"elementor-element elementor-element-774bf75 elementor-widget elementor-widget-heading\" data-id=\"774bf75\" data-element_type=\"widget\" data-e-type=\"widget\" data-widget_type=\"heading.default\">\n\t\t\t\t<div class=\"elementor-widget-container\">\n\t\t\t\t\t<h2 class=\"elementor-heading-title elementor-size-default\">\u00dcber Mich<\/h2>\t\t\t\t<\/div>\n\t\t\t\t<\/div>\n\t\t\t\t<div class=\"elementor-element elementor-element-0074f5a home-section-content elementor-widget elementor-widget-text-editor\" data-id=\"0074f5a\" data-element_type=\"widget\" data-e-type=\"widget\" data-widget_type=\"text-editor.default\">\n\t\t\t\t<div class=\"elementor-widget-container\">\n\t\t\t\t\t\t\t\t\t<p>In unseren Coaching-Gespr\u00e4chen werden wir sehr offen \u00fcber Ihre pers\u00f6nlichen Gedanken und Ziele sprechen, was eine vertraute Atmosph\u00e4re voraussetzt. Ob wir zueinander passen und ob Sie mit mir zusammenarbeiten m\u00f6chten, l\u00e4\u00dft sich meiner Erfahrung nach am besten nach einem unverbindlichen Erstgespr\u00e4ch entscheiden.<\/p><p>Vor einem ersten Gespr\u00e4ch, das pers\u00f6nlich oder per Videokonferenz stattfinden kann, m\u00f6chte ich mich Ihnen gerne hier einen ersten Eindruck von mir, meinen Werten und meinem Werdegang vermitteln \u2013 als Executive Coach, Manager und Privatperson.<\/p><p><a href=\"\/de\/executive-coach\/\">executive coach<br \/><\/a><a href=\"\/de\/leader\/\">manager<br \/><\/a><a href=\"\/de\/individual\/\">privat<\/a><\/p>\t\t\t\t\t\t\t\t<\/div>\n\t\t\t\t<\/div>\n\t\t\t\t<div class=\"elementor-element elementor-element-59ed23a elementor-widget elementor-widget-text-editor\" data-id=\"59ed23a\" data-element_type=\"widget\" data-e-type=\"widget\" data-widget_type=\"text-editor.default\">\n\t\t\t\t<div class=\"elementor-widget-container\">\n\t\t\t\t\t\t\t\t\t<img decoding=\"async\" class=\"alignnone size-medium wp-image-971\" src=\"https:\/\/www.meyeraufderheyde.com\/wp-content\/uploads\/2023\/12\/Alexander-Meyer_long-300x280.png\" alt=\"\" width=\"100\" srcset=\"https:\/\/www.meyeraufderheyde.com\/wp-content\/uploads\/2023\/12\/Alexander-Meyer_long-300x280.png 300w, https:\/\/www.meyeraufderheyde.com\/wp-content\/uploads\/2023\/12\/Alexander-Meyer_long-1024x957.png 1024w, https:\/\/www.meyeraufderheyde.com\/wp-content\/uploads\/2023\/12\/Alexander-Meyer_long-768x717.png 768w, https:\/\/www.meyeraufderheyde.com\/wp-content\/uploads\/2023\/12\/Alexander-Meyer_long-1536x1435.png 1536w, https:\/\/www.meyeraufderheyde.com\/wp-content\/uploads\/2023\/12\/Alexander-Meyer_long-2048x1913.png 2048w, https:\/\/www.meyeraufderheyde.com\/wp-content\/uploads\/2023\/12\/Alexander-Meyer_long-13x12.png 13w\" sizes=\"(max-width: 300px) 100vw, 300px\" \/>\n\n&#8220;<a href=\"https:\/\/coachfoundation.com\/\" target=\"_blank\" rel=\"noopener\">The Coach Foundation<\/a>\u00a0has identified <a href=\"https:\/\/coachfoundation.com\/blog\/top-executive-coaches-from-america\/\" target=\"_blank\" rel=\"noopener\">Alexander as one of the premier Executive Coaches<\/a> in the industry.&#8221;\t\t\t\t\t\t\t\t<\/div>\n\t\t\t\t<\/div>\n\t\t\t\t\t<\/div>\n\t\t<\/div>\n\t\t\t\t\t<\/div>\n\t\t<\/section>\n\t\t\t\t<\/div>","protected":false},"excerpt":{"rendered":"<p>Coaching Areas As an Executive Coach I work with leaders on their individual development. Most of my coachees are senior leaders themselves or mid-level executives on their way to becoming senior leaders. I have coached people with very different cultural and educational backgrounds, spanning individuals from Europe, the Americas, Asia, Middle East and Africa. Before [&hellip;]<\/p>\n","protected":false},"author":1,"featured_media":0,"parent":0,"menu_order":1,"comment_status":"closed","ping_status":"closed","template":"template-home.php","meta":{"footnotes":""},"class_list":["post-9","page","type-page","status-publish","hentry"],"_links":{"self":[{"href":"https:\/\/www.meyeraufderheyde.com\/de\/wp-json\/wp\/v2\/pages\/9","targetHints":{"allow":["GET"]}}],"collection":[{"href":"https:\/\/www.meyeraufderheyde.com\/de\/wp-json\/wp\/v2\/pages"}],"about":[{"href":"https:\/\/www.meyeraufderheyde.com\/de\/wp-json\/wp\/v2\/types\/page"}],"author":[{"embeddable":true,"href":"https:\/\/www.meyeraufderheyde.com\/de\/wp-json\/wp\/v2\/users\/1"}],"replies":[{"embeddable":true,"href":"https:\/\/www.meyeraufderheyde.com\/de\/wp-json\/wp\/v2\/comments?post=9"}],"version-history":[{"count":101,"href":"https:\/\/www.meyeraufderheyde.com\/de\/wp-json\/wp\/v2\/pages\/9\/revisions"}],"predecessor-version":[{"id":978,"href":"https:\/\/www.meyeraufderheyde.com\/de\/wp-json\/wp\/v2\/pages\/9\/revisions\/978"}],"wp:attachment":[{"href":"https:\/\/www.meyeraufderheyde.com\/de\/wp-json\/wp\/v2\/media?parent=9"}],"curies":[{"name":"wp","href":"https:\/\/api.w.org\/{rel}","templated":true}]}}