{"id":15,"date":"2019-01-25T19:24:21","date_gmt":"2019-01-25T18:24:21","guid":{"rendered":"https:\/\/neu.meyeraufderheyde.com\/?page_id=15"},"modified":"2019-02-06T18:47:38","modified_gmt":"2019-02-06T17:47:38","slug":"executive-sparring","status":"publish","type":"page","link":"https:\/\/www.meyeraufderheyde.com\/de\/executive-sparring","title":{"rendered":"Executive Sparring"},"content":{"rendered":"<div data-elementor-type=\"wp-post\" data-elementor-id=\"15\" class=\"elementor elementor-15 elementor-bc-flex-widget\">\n\t\t\t\t\t\t<section class=\"elementor-section elementor-top-section elementor-element elementor-element-47dda85 elementor-section-full_width elementor-section-height-min-height subpage-cover elementor-section-height-default elementor-section-items-middle\" data-id=\"47dda85\" data-element_type=\"section\" data-e-type=\"section\" data-settings=\"{&quot;background_background&quot;:&quot;classic&quot;}\">\n\t\t\t\t\t\t<div class=\"elementor-container elementor-column-gap-no\">\n\t\t\t\t\t<div class=\"elementor-column elementor-col-100 elementor-top-column elementor-element elementor-element-0755750\" data-id=\"0755750\" data-element_type=\"column\" data-e-type=\"column\">\n\t\t\t<div class=\"elementor-widget-wrap\">\n\t\t\t\t\t\t\t<\/div>\n\t\t<\/div>\n\t\t\t\t\t<\/div>\n\t\t<\/section>\n\t\t\t\t<section class=\"elementor-section elementor-top-section elementor-element elementor-element-b662869 container elementor-section-boxed elementor-section-height-default elementor-section-height-default\" data-id=\"b662869\" data-element_type=\"section\" data-e-type=\"section\">\n\t\t\t\t\t\t<div class=\"elementor-container elementor-column-gap-no\">\n\t\t\t\t\t<div class=\"elementor-column elementor-col-100 elementor-top-column elementor-element elementor-element-6a097e4 content-width\" data-id=\"6a097e4\" data-element_type=\"column\" data-e-type=\"column\">\n\t\t\t<div class=\"elementor-widget-wrap elementor-element-populated\">\n\t\t\t\t\t\t<div class=\"elementor-element elementor-element-1ab6578 section-title elementor-widget elementor-widget-heading\" data-id=\"1ab6578\" data-element_type=\"widget\" data-e-type=\"widget\" data-widget_type=\"heading.default\">\n\t\t\t\t<div class=\"elementor-widget-container\">\n\t\t\t\t\t<h1 class=\"elementor-heading-title elementor-size-default\">Executive Sparring<\/h1>\t\t\t\t<\/div>\n\t\t\t\t<\/div>\n\t\t\t\t<div class=\"elementor-element elementor-element-a8f985b page_subheadline elementor-widget elementor-widget-heading\" data-id=\"a8f985b\" data-element_type=\"widget\" data-e-type=\"widget\" data-widget_type=\"heading.default\">\n\t\t\t\t<div class=\"elementor-widget-container\">\n\t\t\t\t\t<h2 class=\"elementor-heading-title elementor-size-default\">ein international erfahrener manager als ihr berater<\/h2>\t\t\t\t<\/div>\n\t\t\t\t<\/div>\n\t\t\t\t<div class=\"elementor-element elementor-element-c5f862e elementor-widget elementor-widget-text-editor\" data-id=\"c5f862e\" data-element_type=\"widget\" data-e-type=\"widget\" data-widget_type=\"text-editor.default\">\n\t\t\t\t<div class=\"elementor-widget-container\">\n\t\t\t\t\t\t\t\t\t<ul><li>M\u00f6chten Sie Ihre Gedanken und Herausforderungen offen auf Augenh\u00f6he diskutieren?<\/li><li>Haben Sie den Eindruck, da\u00df die Personen in Ihrem Umfeld zu stark eingebunden sind, um eine unvoreingenommene Meinung mit Ihnen zu teilen?<\/li><li>M\u00f6chten Sie eine objektive zweite Meinung zu Ihren Visionen, Gedanken und Ideen h\u00f6ren?<\/li><\/ul><p>Je h\u00f6her die bekleidete F\u00fchrungsposition, desto kleiner ist der Kreis an Personen, mit denen Manager ihre Gedanken frei von deren eigenen Agenda teilen und diskutieren k\u00f6nnen. Als Top Manager einer komplexen internationalen Organisation w\u00fcnschen Sie sich eventuell jemanden, mit dem Sie offen \u00fcber Ihre pers\u00f6nlichen und gesch\u00e4ftlichen Herausforderungen sprechen k\u00f6nnen. Vielleicht suchen Sie den Austausch mit jemandem, der sich auf Augenh\u00f6he und ohne Hintergedanken in Ihre Situation hineinversetzen kann und selbst langj\u00e4hrige Erfahrung als erfolgreicher Manager mitbringt.<\/p><p>In exponierten F\u00fchrungspositionen bis auf Top Management-Ebene bin ich \u00fcber Jahre hinweg selbst erfolgreich mit den Herausforderungen von Managern in internationalen Konzernen umgegangen. Meine F\u00e4higkeiten als objektiver Berater wurden in vielen Jahren Managementberatung gesch\u00e4rft. Die Kombination dieser Erfahrungen erlaubt es mir, als \u201eSparring Partner\u201c f\u00fcr F\u00fchrungskr\u00e4fte zu agieren. Ich h\u00f6re Ihnen zu, hinterfrage Ihre Gedanken und teile meine ehrliche und fundierte Meinung mit Ihnen.<\/p><p><a href=\"\/de\/leadership-development\/\">leadership development<br \/><\/a><a href=\"\/de\/intercultural-leadership\/\">intercultural leadership<br \/><\/a><a href=\"\/de\/transition-coaching\/\">transition coaching<\/a><\/p>\t\t\t\t\t\t\t\t<\/div>\n\t\t\t\t<\/div>\n\t\t\t\t\t<\/div>\n\t\t<\/div>\n\t\t\t\t\t<\/div>\n\t\t<\/section>\n\t\t\t\t<\/div>","protected":false},"excerpt":{"rendered":"<p>Executive Sparring a seasoned leader as your trusted advisor You would like to discuss your thoughts and business challenges with someone at peer level. You feel that people around you might be too involved to provide an unbiased view. You would like to get an objective second perspective on ideas or concepts you have in [&hellip;]<\/p>\n","protected":false},"author":1,"featured_media":0,"parent":0,"menu_order":5,"comment_status":"closed","ping_status":"closed","template":"","meta":{"footnotes":""},"class_list":["post-15","page","type-page","status-publish","hentry"],"_links":{"self":[{"href":"https:\/\/www.meyeraufderheyde.com\/de\/wp-json\/wp\/v2\/pages\/15","targetHints":{"allow":["GET"]}}],"collection":[{"href":"https:\/\/www.meyeraufderheyde.com\/de\/wp-json\/wp\/v2\/pages"}],"about":[{"href":"https:\/\/www.meyeraufderheyde.com\/de\/wp-json\/wp\/v2\/types\/page"}],"author":[{"embeddable":true,"href":"https:\/\/www.meyeraufderheyde.com\/de\/wp-json\/wp\/v2\/users\/1"}],"replies":[{"embeddable":true,"href":"https:\/\/www.meyeraufderheyde.com\/de\/wp-json\/wp\/v2\/comments?post=15"}],"version-history":[{"count":8,"href":"https:\/\/www.meyeraufderheyde.com\/de\/wp-json\/wp\/v2\/pages\/15\/revisions"}],"predecessor-version":[{"id":931,"href":"https:\/\/www.meyeraufderheyde.com\/de\/wp-json\/wp\/v2\/pages\/15\/revisions\/931"}],"wp:attachment":[{"href":"https:\/\/www.meyeraufderheyde.com\/de\/wp-json\/wp\/v2\/media?parent=15"}],"curies":[{"name":"wp","href":"https:\/\/api.w.org\/{rel}","templated":true}]}}