{"id":12,"date":"2019-01-25T19:23:39","date_gmt":"2019-01-25T18:23:39","guid":{"rendered":"https:\/\/neu.meyeraufderheyde.com\/?page_id=12"},"modified":"2019-02-06T18:47:19","modified_gmt":"2019-02-06T17:47:19","slug":"individual","status":"publish","type":"page","link":"https:\/\/www.meyeraufderheyde.com\/de\/individual","title":{"rendered":"Privat"},"content":{"rendered":"<div data-elementor-type=\"wp-post\" data-elementor-id=\"12\" class=\"elementor elementor-12 elementor-bc-flex-widget\">\n\t\t\t\t\t\t<section class=\"elementor-section elementor-top-section elementor-element elementor-element-7208ee3 elementor-section-full_width elementor-section-height-min-height subpage-cover elementor-section-height-default elementor-section-items-middle\" data-id=\"7208ee3\" data-element_type=\"section\" data-e-type=\"section\" data-settings=\"{&quot;background_background&quot;:&quot;classic&quot;}\">\n\t\t\t\t\t\t<div class=\"elementor-container elementor-column-gap-no\">\n\t\t\t\t\t<div class=\"elementor-column elementor-col-100 elementor-top-column elementor-element elementor-element-16bcf44\" data-id=\"16bcf44\" data-element_type=\"column\" data-e-type=\"column\">\n\t\t\t<div class=\"elementor-widget-wrap\">\n\t\t\t\t\t\t\t<\/div>\n\t\t<\/div>\n\t\t\t\t\t<\/div>\n\t\t<\/section>\n\t\t\t\t<section class=\"elementor-section elementor-top-section elementor-element elementor-element-01e50fa container elementor-section-boxed elementor-section-height-default elementor-section-height-default\" data-id=\"01e50fa\" data-element_type=\"section\" data-e-type=\"section\">\n\t\t\t\t\t\t<div class=\"elementor-container elementor-column-gap-no\">\n\t\t\t\t\t<div class=\"elementor-column elementor-col-100 elementor-top-column elementor-element elementor-element-698f56c content-width\" data-id=\"698f56c\" data-element_type=\"column\" data-e-type=\"column\">\n\t\t\t<div class=\"elementor-widget-wrap elementor-element-populated\">\n\t\t\t\t\t\t<div class=\"elementor-element elementor-element-810f966 section-title elementor-widget elementor-widget-heading\" data-id=\"810f966\" data-element_type=\"widget\" data-e-type=\"widget\" data-widget_type=\"heading.default\">\n\t\t\t\t<div class=\"elementor-widget-container\">\n\t\t\t\t\t<h1 class=\"elementor-heading-title elementor-size-default\">Privat<\/h1>\t\t\t\t<\/div>\n\t\t\t\t<\/div>\n\t\t\t\t<div class=\"elementor-element elementor-element-8c4b0cc elementor-widget elementor-widget-text-editor\" data-id=\"8c4b0cc\" data-element_type=\"widget\" data-e-type=\"widget\" data-widget_type=\"text-editor.default\">\n\t\t\t\t<div class=\"elementor-widget-container\">\n\t\t\t\t\t\t\t\t\t<p>Zeit mit meiner Familie zu verbringen, stellt einen wesentlichen Teil meines Privatlebens dar. Ich bin verheiratet und habe mit meiner Frau zwei Kinder. Seit vielen Jahren bereisen wir mit Begeisterung L\u00e4nder, die sich von unserer Heimat sehr stark unterscheiden.<\/p><p>In meiner beruflichen Laufbahn habe ich auch gelernt, wie wichtig es f\u00fcr Manager ist, aktiv einem Ausgleich zur Arbeit nachzugehen. Dadurch ist regelm\u00e4\u00dfiger Sport ein weiterer wesentlicher Bestandteil meines Lebens geworden. Neben der Stre\u00dfbew\u00e4ltigung hilft mir Laufen und Radfahren auch, Themen, die mich besch\u00e4ftigen, zu durchdenken. Au\u00dferdem begeistert mich die Musik \u2013 sowohl als H\u00f6rer als auch aktiv am Klavier.<\/p><p>Meine Leidenschaft f\u00fcr Fernreisen und verschiedene Kulturkreise findet sich auch wieder in meiner Begeisterung f\u00fcr exotisches Kochen. Meine Frau und ich haben schon lange ein Faible f\u00fcr die asiatische K\u00fcche. Sicherlich auch aufgrund verschiedener Reisen auf diesen Kontinent ist in den letzten Jahren die afrikanische K\u00fcche hinzugekommen.<\/p><p><a href=\"https:\/\/www.meyeraufderheyde.com\/de\/executive-coach\/\">executive coach<\/a><br \/><a href=\"https:\/\/www.meyeraufderheyde.com\/de\/leader\/\">manager<\/a><\/p>\t\t\t\t\t\t\t\t<\/div>\n\t\t\t\t<\/div>\n\t\t\t\t\t<\/div>\n\t\t<\/div>\n\t\t\t\t\t<\/div>\n\t\t<\/section>\n\t\t\t\t<\/div>","protected":false},"excerpt":{"rendered":"<p>Individual A significant part of my private life is family time. I am married with two children. We share a passion for traveling and spend a lot of time visiting countries, which are very different to our home. Besides spending time with my family, I do a lot of sports (running, road cycling, skiing). I [&hellip;]<\/p>\n","protected":false},"author":1,"featured_media":0,"parent":0,"menu_order":9,"comment_status":"closed","ping_status":"closed","template":"","meta":{"footnotes":""},"class_list":["post-12","page","type-page","status-publish","hentry"],"_links":{"self":[{"href":"https:\/\/www.meyeraufderheyde.com\/de\/wp-json\/wp\/v2\/pages\/12","targetHints":{"allow":["GET"]}}],"collection":[{"href":"https:\/\/www.meyeraufderheyde.com\/de\/wp-json\/wp\/v2\/pages"}],"about":[{"href":"https:\/\/www.meyeraufderheyde.com\/de\/wp-json\/wp\/v2\/types\/page"}],"author":[{"embeddable":true,"href":"https:\/\/www.meyeraufderheyde.com\/de\/wp-json\/wp\/v2\/users\/1"}],"replies":[{"embeddable":true,"href":"https:\/\/www.meyeraufderheyde.com\/de\/wp-json\/wp\/v2\/comments?post=12"}],"version-history":[{"count":6,"href":"https:\/\/www.meyeraufderheyde.com\/de\/wp-json\/wp\/v2\/pages\/12\/revisions"}],"predecessor-version":[{"id":929,"href":"https:\/\/www.meyeraufderheyde.com\/de\/wp-json\/wp\/v2\/pages\/12\/revisions\/929"}],"wp:attachment":[{"href":"https:\/\/www.meyeraufderheyde.com\/de\/wp-json\/wp\/v2\/media?parent=12"}],"curies":[{"name":"wp","href":"https:\/\/api.w.org\/{rel}","templated":true}]}}