{"id":11,"date":"2019-01-25T19:24:11","date_gmt":"2019-01-25T18:24:11","guid":{"rendered":"https:\/\/neu.meyeraufderheyde.com\/?page_id=11"},"modified":"2019-02-06T18:41:40","modified_gmt":"2019-02-06T17:41:40","slug":"executive-coach","status":"publish","type":"page","link":"https:\/\/www.meyeraufderheyde.com\/de\/executive-coach","title":{"rendered":"Executive Coach"},"content":{"rendered":"<div data-elementor-type=\"wp-post\" data-elementor-id=\"11\" class=\"elementor elementor-11 elementor-bc-flex-widget\">\n\t\t\t\t\t\t<section class=\"elementor-section elementor-top-section elementor-element elementor-element-2eaeec5 elementor-section-full_width elementor-section-height-min-height subpage-cover elementor-section-height-default elementor-section-items-middle\" data-id=\"2eaeec5\" data-element_type=\"section\" data-e-type=\"section\" data-settings=\"{&quot;background_background&quot;:&quot;classic&quot;}\">\n\t\t\t\t\t\t<div class=\"elementor-container elementor-column-gap-no\">\n\t\t\t\t\t<div class=\"elementor-column elementor-col-100 elementor-top-column elementor-element elementor-element-a400f78\" data-id=\"a400f78\" data-element_type=\"column\" data-e-type=\"column\">\n\t\t\t<div class=\"elementor-widget-wrap\">\n\t\t\t\t\t\t\t<\/div>\n\t\t<\/div>\n\t\t\t\t\t<\/div>\n\t\t<\/section>\n\t\t\t\t<section class=\"elementor-section elementor-top-section elementor-element elementor-element-be5607e container elementor-section-boxed elementor-section-height-default elementor-section-height-default\" data-id=\"be5607e\" data-element_type=\"section\" data-e-type=\"section\">\n\t\t\t\t\t\t<div class=\"elementor-container elementor-column-gap-no\">\n\t\t\t\t\t<div class=\"elementor-column elementor-col-100 elementor-top-column elementor-element elementor-element-380ca42 content-width\" data-id=\"380ca42\" data-element_type=\"column\" data-e-type=\"column\">\n\t\t\t<div class=\"elementor-widget-wrap elementor-element-populated\">\n\t\t\t\t\t\t<div class=\"elementor-element elementor-element-fc0330f section-title elementor-widget elementor-widget-heading\" data-id=\"fc0330f\" data-element_type=\"widget\" data-e-type=\"widget\" data-widget_type=\"heading.default\">\n\t\t\t\t<div class=\"elementor-widget-container\">\n\t\t\t\t\t<h1 class=\"elementor-heading-title elementor-size-default\">Executive Coach<\/h1>\t\t\t\t<\/div>\n\t\t\t\t<\/div>\n\t\t\t\t<div class=\"elementor-element elementor-element-e0ab8da elementor-widget elementor-widget-text-editor\" data-id=\"e0ab8da\" data-element_type=\"widget\" data-e-type=\"widget\" data-widget_type=\"text-editor.default\">\n\t\t\t\t<div class=\"elementor-widget-container\">\n\t\t\t\t\t\t\t\t\t<p>Ich bin fest davon \u00fcberzeugt, da\u00df die wichtigste Aufgabe einer F\u00fchrungskraft ist, eine Umgebung zu schaffen, in der Mitarbeiter \u00fcber sich hinaus wachsen k\u00f6nnen. Deswegen habe ich immer begeistert mit Menschen zusammengearbeitet und sie in ihrer Entwicklung unterst\u00fctzt. Diese Leidenschaft hat mich auch dazu bewogen, aus einer Top Management-Rolle heraus ins Executive Coaching zu gehen.<\/p><p>Als Executive Coach bereitet es mir Freude, F\u00fchrungskr\u00e4fte in ihrer individuellen Entwicklung zu unterst\u00fctzen. Dabei fokussiert meine Arbeit auf die Weiterentwicklung des F\u00fchrungsstils (Leadership Development), interkulturelle F\u00fchrungskompetenz (Intercultural Leadership), die Vorbereitung zur erfolgreichen \u00dcbernahme einer neuen F\u00fchrungsrolle (Transition Coaching) sowie den beratenden Austausch mit Top Managern (Executive Sparring). In der gemeinsamen Arbeit ermutige und unterst\u00fctze ich meine Kunden, gewohnte Wege zu verlassen, um neue Verhaltensweisen auszuprobieren bzw. zu verinnerlichen und dadurch Grenzen neu zu definieren. Als Executive Coach habe ich mit F\u00fchrungskr\u00e4ften unterschiedlichster Herkunft gearbeitet, darunter Personen aus verschiedenen europ\u00e4ischen L\u00e4ndern, Nord- und S\u00fcdamerika, Asien sowie dem Mittleren Osten und Afrika.<\/p><p>Meine Vorgehensweise im Executive Coaching orientiert sich individuell an den Zielen meiner Kunden. Im Rahmen von meist 6-8 vertraulichen Gespr\u00e4chen beleuchten wir Ihre Situation und Herausforderungen, um diese besser zu verstehen und daraus zu lernen.<\/p><p>Ich bin in Ashridge (Hult International Business School) als Executive Coach akkreditiert. Meine eigene internationale Erfahrung als F\u00fchrungskraft erm\u00f6glicht es mir, mich in verschiedenste Situationen meiner Kunden hineinzuversetzen. Sowohl bei Bayer als globaler Leiter einer Business Unit als auch zuvor als Partner bei Accenture im Management Consulting bekleidete ich exponierte F\u00fchrungsrollen mit internationaler Verantwortung bis auf Executive Committee-Ebene. Meine Erfahrung beinhaltet F\u00fchrungspositionen in Deutschland, Indien und China.<\/p><p>Neben einem Masters in Executive Coaching der Hult International Business School in Ashridge\/ Gro\u00dfbritannien habe ich einen MBA an der European School of Business in Reutlingen erworben sowie an der Universit\u00e4t T\u00fcbingen Biologie studiert.<\/p><p>Ich coache vorwiegend auf Deutsch und Englisch, spreche aber auch Spanisch und Franz\u00f6sisch.<\/p><p class=\"p1\"><span class=\"download\"><a href=\"\/download\/AlexanderMeyeraufderHeyde_ExecutiveCoach_de.pdf\" target=\"_blank\" rel=\"noopener\">mein executive coach profil herunterladen<\/a><\/span><\/p><p><a href=\"https:\/\/www.meyeraufderheyde.com\/de\/leader\/\">manager<\/a><br \/><a href=\"https:\/\/www.meyeraufderheyde.com\/de\/individual\/\">privat<\/a><\/p>\t\t\t\t\t\t\t\t<\/div>\n\t\t\t\t<\/div>\n\t\t\t\t\t<\/div>\n\t\t<\/div>\n\t\t\t\t\t<\/div>\n\t\t<\/section>\n\t\t\t\t<\/div>","protected":false},"excerpt":{"rendered":"<p>Executive Coach I strongly believe that the most important task of a senior leader is to create a platform for people to grow. As such, I have always enjoyed working with people and supporting them on their individual development. It is my passion for people development, which made me change from a corporate leadership career [&hellip;]<\/p>\n","protected":false},"author":1,"featured_media":0,"parent":0,"menu_order":6,"comment_status":"closed","ping_status":"closed","template":"","meta":{"footnotes":""},"class_list":["post-11","page","type-page","status-publish","hentry"],"_links":{"self":[{"href":"https:\/\/www.meyeraufderheyde.com\/de\/wp-json\/wp\/v2\/pages\/11","targetHints":{"allow":["GET"]}}],"collection":[{"href":"https:\/\/www.meyeraufderheyde.com\/de\/wp-json\/wp\/v2\/pages"}],"about":[{"href":"https:\/\/www.meyeraufderheyde.com\/de\/wp-json\/wp\/v2\/types\/page"}],"author":[{"embeddable":true,"href":"https:\/\/www.meyeraufderheyde.com\/de\/wp-json\/wp\/v2\/users\/1"}],"replies":[{"embeddable":true,"href":"https:\/\/www.meyeraufderheyde.com\/de\/wp-json\/wp\/v2\/comments?post=11"}],"version-history":[{"count":17,"href":"https:\/\/www.meyeraufderheyde.com\/de\/wp-json\/wp\/v2\/pages\/11\/revisions"}],"predecessor-version":[{"id":927,"href":"https:\/\/www.meyeraufderheyde.com\/de\/wp-json\/wp\/v2\/pages\/11\/revisions\/927"}],"wp:attachment":[{"href":"https:\/\/www.meyeraufderheyde.com\/de\/wp-json\/wp\/v2\/media?parent=11"}],"curies":[{"name":"wp","href":"https:\/\/api.w.org\/{rel}","templated":true}]}}